{"id":16,"date":"2018-01-23T19:07:13","date_gmt":"2018-01-23T19:07:13","guid":{"rendered":"http:\/\/bitjerez.com\/?page_id=16"},"modified":"2020-10-19T09:47:29","modified_gmt":"2020-10-19T09:47:29","slug":"nosotros","status":"publish","type":"page","link":"https:\/\/bitjerez.com\/","title":{"rendered":"Nosotros"},"content":{"rendered":"<h1 style=\"text-align: center;\"><strong>NOSOTROS<\/strong><\/h1>\n<p>Bienvenido al sitio web de BitJerez<\/p>\n<p>Somos una empresa peque\u00f1a pero seremos imprescindibles en su negocio.<\/p>\n<p>En calidad de proveedores de tecnolog\u00eda inform\u00e1tica, nos dedicamos al suministro y a la integraci\u00f3n de hardware en las infraestructuras tecnol\u00f3gicas de las empresas. En este sentido contamos con una amplia gama de productos y una vasta experiencia recabada a lo largo de varios a\u00f1os.<\/p>\n<p>Productos:<\/p>\n<p>&#8211; estaciones de trabajo para usuarios<\/p>\n<p>&#8211; m\u00e1quinas CAD<\/p>\n<p>&#8211; servidores y Blades<\/p>\n<p>&#8211; Cabinas de almacenamiento<\/p>\n<p>&#8211; Sistemas de backup<\/p>\n<p>&#8211; monitores de todo tipo<\/p>\n<p>&#8211; perif\u00e9ricos de toda clase<\/p>\n<p>Aproveche el sitio web para buscar informaci\u00f3n previa sobre nuestros productos, un servicio gratuito y sin compromiso.<\/p>\n<p>Las siguientes personas de contacto de\u00a0BitJerez est\u00e1n a su disposici\u00f3n para atenderle por tel\u00e9fono o correo electr\u00f3nico: Rafael Mar\u00edn <a href=\"mailto:info@bitjerez.com\">info@bitjerez.com<\/a><\/p>\n<p>Su empresa de inform\u00e1tica.<\/p>\n","protected":false},"excerpt":{"rendered":"<p>NOSOTROS Bienvenido al sitio web de BitJerez Somos una empresa peque\u00f1a pero seremos imprescindibles en su negocio. En calidad de proveedores de tecnolog\u00eda inform\u00e1tica, nos dedicamos al suministro y a la integraci\u00f3n de hardware en las infraestructuras tecnol\u00f3gicas de las empresas. En este sentido contamos con una amplia gama de [\u2026] <\/p>\n<div class=\"clear\"><\/div>\n<p><a class=\"more_link clearfix\" href=\"https:\/\/bitjerez.com\/\" rel=\"nofollow\">Read More<\/a><\/p>\n","protected":false},"author":2,"featured_media":0,"parent":0,"menu_order":0,"comment_status":"closed","ping_status":"closed","template":"","meta":{"footnotes":""},"class_list":["post-16","page","type-page","status-publish","hentry"],"_links":{"self":[{"href":"https:\/\/bitjerez.com\/index.php?rest_route=\/wp\/v2\/pages\/16","targetHints":{"allow":["GET"]}}],"collection":[{"href":"https:\/\/bitjerez.com\/index.php?rest_route=\/wp\/v2\/pages"}],"about":[{"href":"https:\/\/bitjerez.com\/index.php?rest_route=\/wp\/v2\/types\/page"}],"author":[{"embeddable":true,"href":"https:\/\/bitjerez.com\/index.php?rest_route=\/wp\/v2\/users\/2"}],"replies":[{"embeddable":true,"href":"https:\/\/bitjerez.com\/index.php?rest_route=%2Fwp%2Fv2%2Fcomments&post=16"}],"version-history":[{"count":8,"href":"https:\/\/bitjerez.com\/index.php?rest_route=\/wp\/v2\/pages\/16\/revisions"}],"predecessor-version":[{"id":276,"href":"https:\/\/bitjerez.com\/index.php?rest_route=\/wp\/v2\/pages\/16\/revisions\/276"}],"wp:attachment":[{"href":"https:\/\/bitjerez.com\/index.php?rest_route=%2Fwp%2Fv2%2Fmedia&parent=16"}],"curies":[{"name":"wp","href":"https:\/\/api.w.org\/{rel}","templated":true}]}}