{"id":21,"date":"2018-01-23T19:08:50","date_gmt":"2018-01-23T19:08:50","guid":{"rendered":"http:\/\/bitjerez.com\/?page_id=21"},"modified":"2018-03-13T17:44:20","modified_gmt":"2018-03-13T17:44:20","slug":"contacto","status":"publish","type":"page","link":"https:\/\/bitjerez.com\/?page_id=21","title":{"rendered":"Contacto"},"content":{"rendered":"<div align=\"left\">\n<p><b>Contacto<\/b><\/p>\n<p>Estamos a su disposici\u00f3n.<\/p>\n<p>Si tiene cualquier problema, pregunta o consulta, puede ponerse en contacto con nosotros en cualquier momento a trav\u00e9s de nuestra l\u00ednea de atenci\u00f3n al cliente.<\/p>\n<p>Tambi\u00e9n nos interesa saber su opini\u00f3n. En cualquier momento puede hacernos llegar sus cr\u00edticas o sugerencias sobre nuestro sitio web. <a href=\"mailto:info@bitjerez.com\">info@bitjerez.com<\/a><\/p>\n<p>Escucharemos sus opiniones con atenci\u00f3n, ya que es muy importante para nosotros y nos permite mejorar.<\/p>\n<\/div>\n","protected":false},"excerpt":{"rendered":"<p>Contacto Estamos a su disposici\u00f3n. Si tiene cualquier problema, pregunta o consulta, puede ponerse en contacto con nosotros en cualquier momento a trav\u00e9s de nuestra l\u00ednea de atenci\u00f3n al cliente. Tambi\u00e9n nos interesa saber su opini\u00f3n. En cualquier momento puede hacernos llegar sus cr\u00edticas o sugerencias sobre nuestro sitio web. [\u2026] <\/p>\n<div class=\"clear\"><\/div>\n<p><a class=\"more_link clearfix\" href=\"https:\/\/bitjerez.com\/?page_id=21\" rel=\"nofollow\">Read More<\/a><\/p>\n","protected":false},"author":2,"featured_media":0,"parent":0,"menu_order":0,"comment_status":"closed","ping_status":"closed","template":"","meta":{"footnotes":""},"class_list":["post-21","page","type-page","status-publish","hentry"],"_links":{"self":[{"href":"https:\/\/bitjerez.com\/index.php?rest_route=\/wp\/v2\/pages\/21","targetHints":{"allow":["GET"]}}],"collection":[{"href":"https:\/\/bitjerez.com\/index.php?rest_route=\/wp\/v2\/pages"}],"about":[{"href":"https:\/\/bitjerez.com\/index.php?rest_route=\/wp\/v2\/types\/page"}],"author":[{"embeddable":true,"href":"https:\/\/bitjerez.com\/index.php?rest_route=\/wp\/v2\/users\/2"}],"replies":[{"embeddable":true,"href":"https:\/\/bitjerez.com\/index.php?rest_route=%2Fwp%2Fv2%2Fcomments&post=21"}],"version-history":[{"count":4,"href":"https:\/\/bitjerez.com\/index.php?rest_route=\/wp\/v2\/pages\/21\/revisions"}],"predecessor-version":[{"id":91,"href":"https:\/\/bitjerez.com\/index.php?rest_route=\/wp\/v2\/pages\/21\/revisions\/91"}],"wp:attachment":[{"href":"https:\/\/bitjerez.com\/index.php?rest_route=%2Fwp%2Fv2%2Fmedia&parent=21"}],"curies":[{"name":"wp","href":"https:\/\/api.w.org\/{rel}","templated":true}]}}